{"id":2724,"date":"2015-12-04T02:09:22","date_gmt":"2015-12-03T23:09:22","guid":{"rendered":"https:\/\/epolatinsaat.com\/atapol-in-press\/"},"modified":"2026-04-13T23:28:29","modified_gmt":"2026-04-13T20:28:29","slug":"atapol-in-press","status":"publish","type":"page","link":"https:\/\/epolatinsaat.com\/en\/atapol-in-press\/","title":{"rendered":"Atapol In Press"},"content":{"rendered":"<p><div class=\"fusion-fullwidth fullwidth-box fusion-builder-row-1 fusion-flex-container fusion-parallax-none nonhundred-percent-fullwidth non-hundred-percent-height-scrolling\" style=\"--awb-border-radius-top-left:0px;--awb-border-radius-top-right:0px;--awb-border-radius-bottom-right:0px;--awb-border-radius-bottom-left:0px;--awb-min-height:calc(70vh - 162px);--awb-background-image:url(&quot;https:\/\/epolatinsaat.com\/wp-content\/uploads\/2022\/05\/Atapol_Basin_Header.jpg&quot;);--awb-background-size:cover;--awb-flex-wrap:wrap;\" ><div class=\"fusion-builder-row fusion-row fusion-flex-align-items-flex-start fusion-flex-align-content-center fusion-flex-content-wrap\" style=\"max-width:1248px;margin-left: calc(-4% \/ 2 );margin-right: calc(-4% \/ 2 );\"><div class=\"fusion-layout-column fusion_builder_column fusion-builder-column-0 fusion_builder_column_1_1 1_1 fusion-flex-column fusion-animated\" style=\"--awb-padding-top:51px;--awb-padding-bottom:51px;--awb-bg-color:rgba(0,83,167,0.6);--awb-bg-color-hover:rgba(0,83,167,0.6);--awb-bg-size:cover;--awb-width-large:100%;--awb-margin-top-large:0px;--awb-spacing-right-large:1.92%;--awb-margin-bottom-large:20px;--awb-spacing-left-large:1.92%;--awb-width-medium:100%;--awb-order-medium:0;--awb-spacing-right-medium:1.92%;--awb-spacing-left-medium:1.92%;--awb-width-small:100%;--awb-order-small:0;--awb-spacing-right-small:1.92%;--awb-spacing-left-small:1.92%;\" data-animationType=\"fadeInUp\" data-animationDuration=\"1.0\" data-animationOffset=\"top-into-view\"><div class=\"fusion-column-wrapper fusion-column-has-shadow fusion-flex-justify-content-flex-start fusion-content-layout-column\"><div class=\"fusion-title title fusion-title-1 fusion-sep-none fusion-title-center fusion-title-text fusion-title-size-one\" style=\"--awb-text-color:#ffffff;--awb-margin-bottom:0px;--awb-margin-top-small:10px;--awb-margin-right-small:0px;--awb-margin-bottom-small:10px;--awb-margin-left-small:0px;--awb-font-size:60px;\"><h1 class=\"fusion-title-heading title-heading-center\" style=\"margin:0;font-size:1em;\">ATAPOL IN PRESS<\/h1><\/div><\/div><\/div><\/div><\/div><div class=\"fusion-fullwidth fullwidth-box fusion-builder-row-2 fusion-flex-container nonhundred-percent-fullwidth non-hundred-percent-height-scrolling\" style=\"--awb-background-position:left top;--awb-border-sizes-top:0px;--awb-border-sizes-bottom:0px;--awb-border-sizes-left:0px;--awb-border-sizes-right:0px;--awb-border-radius-top-left:0px;--awb-border-radius-top-right:0px;--awb-border-radius-bottom-right:0px;--awb-border-radius-bottom-left:0px;--awb-padding-top:3%;--awb-padding-bottom:2%;--awb-flex-wrap:wrap;\" ><div class=\"fusion-builder-row fusion-row fusion-flex-align-items-flex-start fusion-flex-content-wrap\" style=\"max-width:calc( 1200px + 0px );margin-left: calc(-0px \/ 2 );margin-right: calc(-0px \/ 2 );\"><div class=\"fusion-layout-column fusion_builder_column fusion-builder-column-1 fusion_builder_column_1_1 1_1 fusion-flex-column\" style=\"--awb-padding-right:0%;--awb-padding-left:0%;--awb-padding-right-medium:60px;--awb-padding-left-medium:60px;--awb-padding-right-small:20px;--awb-padding-left-small:20px;--awb-bg-blend:overlay;--awb-bg-size:cover;--awb-width-large:100%;--awb-margin-top-large:50px;--awb-spacing-right-large:0px;--awb-margin-bottom-large:25px;--awb-spacing-left-large:0px;--awb-width-medium:100%;--awb-margin-top-medium:36px;--awb-spacing-right-medium:0px;--awb-spacing-left-medium:0px;--awb-width-small:100%;--awb-margin-top-small:24px;--awb-spacing-right-small:0px;--awb-spacing-left-small:0px;\"><div class=\"fusion-column-wrapper fusion-flex-justify-content-flex-start fusion-content-layout-column\"><div class=\"fusion-blog-shortcode fusion-blog-shortcode-1 fusion-blog-archive fusion-blog-layout-timeline-wrapper fusion-blog-infinite\" style=\"--grid_separator_color:var(--awb-color2);\"><div class=\"fusion-posts-container fusion-posts-container-infinite fusion-posts-container-load-more fusion-no-meta-info fusion-blog-rollover\" data-pages=\"1\"><div class=\"fusion-timeline-icon\"><i class=\"awb-icon-bubbles\" style=\"color:var(--awb-color4);\" aria-hidden=\"true\"><\/i><\/div><div class=\"fusion-blog-layout-timeline fusion-clearfix\"><div class=\"fusion-timeline-line\" style=\"border-left:1px solid var(--awb-color4);border-right:1px solid var(--awb-color4);\"><\/div><h3 class=\"fusion-timeline-date\" style=\"background-color:var(--awb-color4);\">January 2005<\/h3><div class=\"fusion-collapse-month\"><article id=\"blog-1-post-2846\" style=\"border-color:var(--awb-color4);\" class=\"fusion-post-timeline fusion-clearfix fusion-left-column post-2846 post type-post status-publish format-standard has-post-thumbnail hentry category-haberler-en\">\n<div class=\"fusion-post-wrapper\" style=\"background-color:rgba(255,255,255,1);\">\n\n\t\t\t<div class=\"fusion-flexslider flexslider fusion-flexslider-loading fusion-post-slideshow\" style=\"border-color:var(--awb-color4);\">\n\t\t<ul class=\"slides\">\n\t\t\t\n\t\t\t\t\t\t\t\t\t\t\t\t\t\t<li><div  class=\"fusion-image-wrapper\" aria-haspopup=\"true\">\n\t\t\t\t<img decoding=\"async\" width=\"1080\" height=\"720\" src=\"https:\/\/epolatinsaat.com\/wp-content\/uploads\/2022\/05\/Atapol_Haber02.jpg\" class=\"attachment-full size-full wp-post-image\" alt=\"\" srcset=\"https:\/\/epolatinsaat.com\/wp-content\/uploads\/2022\/05\/Atapol_Haber02-200x133.jpg 200w, https:\/\/epolatinsaat.com\/wp-content\/uploads\/2022\/05\/Atapol_Haber02-400x267.jpg 400w, https:\/\/epolatinsaat.com\/wp-content\/uploads\/2022\/05\/Atapol_Haber02-600x400.jpg 600w, https:\/\/epolatinsaat.com\/wp-content\/uploads\/2022\/05\/Atapol_Haber02-800x533.jpg 800w, https:\/\/epolatinsaat.com\/wp-content\/uploads\/2022\/05\/Atapol_Haber02.jpg 1080w\" sizes=\"(max-width: 640px) 100vw, 40vw\" \/><div class=\"fusion-rollover\">\n\t<div class=\"fusion-rollover-content\">\n\n\t\t\t\t\t\t\t\t\t\t\t\t\t\t<a class=\"fusion-rollover-link\" href=\"https:\/\/epolatinsaat.com\/en\/2005\/01\/26\/emlak-pazari\/\">Emlak Pazar\u0131, 2005<\/a>\n\t\t\t\n\t\t\t\t\t\t\t\t\t\t\t\t\t\t\n\t\t\t\t\t\t\t\t\n\t\t\t\t\t\t\t\t\t\t\t\t\t<div class=\"fusion-rollover-sep\"><\/div>\n\t\t\t\t\n\t\t\t\t\t\t\t\t\t\t\t\t\t\t\t\t\t\t<a class=\"fusion-rollover-gallery\" href=\"https:\/\/epolatinsaat.com\/wp-content\/uploads\/2022\/05\/Atapol_Haber02.jpg\" data-options=\"\" data-id=\"2846\" data-rel=\"iLightbox[gallery]\" data-title=\"Atapol_Haber02\" data-caption=\"\">\n\t\t\t\t\t\tGallery\t\t\t\t\t<\/a>\n\t\t\t\t\t\t\t\t\t\t\t\t\t\t\n\t\t\n\t\t\t\t\t\t\t\t\t\t\t\t<h4 class=\"fusion-rollover-title\">\n\t\t\t\t\t<a class=\"fusion-rollover-title-link\" href=\"https:\/\/epolatinsaat.com\/en\/2005\/01\/26\/emlak-pazari\/\">\n\t\t\t\t\t\tEmlak Pazar\u0131, 2005\t\t\t\t\t<\/a>\n\t\t\t\t<\/h4>\n\t\t\t\n\t\t\t\t\t\t\t\t\t\t<div class=\"fusion-rollover-categories\"><a href=\"https:\/\/epolatinsaat.com\/en\/category\/haberler-en\/\" rel=\"tag\">Haberler<\/a><\/div>\t\t\t\t\t\n\t\t\n\t\t\t\t\t\t<a class=\"fusion-link-wrapper\" href=\"https:\/\/epolatinsaat.com\/en\/2005\/01\/26\/emlak-pazari\/\" aria-label=\"Emlak Pazar\u0131, 2005\"><\/a>\n\t<\/div>\n<\/div>\n<\/div>\n<\/li>\n\t\t\t\n\t\t\t\n\t\t\t\t\t\t\t\t\t\t\t\t\t\t\t\t\t\t\t\t\t\t\t\t\t\t\t\t\t\t\t\t\t\t\t\t\t\t\t\t\t\t\t\t\t\t\t\t\t\t\t\t\t\t\t\t\t\t\t\t\t\t\t\t\t\t\t\t<\/ul>\n\t<\/div>\n\t<div class=\"fusion-post-content-wrapper\" style=\"padding:30px 25px 25px 25px;\"><div class=\"fusion-post-content post-content\"><div class=\"fusion-timeline-circle\" style=\"background-color:var(--awb-color4);\"><\/div><div class=\"fusion-timeline-arrow\" style=\"color:var(--awb-color4);\"><\/div><h2 class=\"blog-shortcode-post-title entry-title\">Emlak Pazar\u0131, 2005<\/h2><\/div><\/div><div class=\"fusion-clearfix\"><\/div><\/div>\n<\/article>\n<\/div><h3 class=\"fusion-timeline-date\" style=\"background-color:var(--awb-color4);\">April 2004<\/h3><div class=\"fusion-collapse-month\"><article id=\"blog-1-post-2847\" style=\"border-color:var(--awb-color4);\" class=\"fusion-post-timeline fusion-clearfix fusion-right-column post-2847 post type-post status-publish format-standard has-post-thumbnail hentry category-haberler-en\">\n<div class=\"fusion-post-wrapper\" style=\"background-color:rgba(255,255,255,1);\">\n\n\t\t\t<div class=\"fusion-flexslider flexslider fusion-flexslider-loading fusion-post-slideshow\" style=\"border-color:var(--awb-color4);\">\n\t\t<ul class=\"slides\">\n\t\t\t\n\t\t\t\t\t\t\t\t\t\t\t\t\t\t<li><div  class=\"fusion-image-wrapper\" aria-haspopup=\"true\">\n\t\t\t\t<img decoding=\"async\" width=\"1080\" height=\"720\" src=\"https:\/\/epolatinsaat.com\/wp-content\/uploads\/2022\/05\/Atapol_Haber03.jpg\" class=\"attachment-full size-full wp-post-image\" alt=\"\" srcset=\"https:\/\/epolatinsaat.com\/wp-content\/uploads\/2022\/05\/Atapol_Haber03-200x133.jpg 200w, https:\/\/epolatinsaat.com\/wp-content\/uploads\/2022\/05\/Atapol_Haber03-400x267.jpg 400w, https:\/\/epolatinsaat.com\/wp-content\/uploads\/2022\/05\/Atapol_Haber03-600x400.jpg 600w, https:\/\/epolatinsaat.com\/wp-content\/uploads\/2022\/05\/Atapol_Haber03-800x533.jpg 800w, https:\/\/epolatinsaat.com\/wp-content\/uploads\/2022\/05\/Atapol_Haber03.jpg 1080w\" sizes=\"(max-width: 640px) 100vw, 40vw\" \/><div class=\"fusion-rollover\">\n\t<div class=\"fusion-rollover-content\">\n\n\t\t\t\t\t\t\t\t\t\t\t\t\t\t<a class=\"fusion-rollover-link\" href=\"https:\/\/epolatinsaat.com\/en\/2004\/04\/26\/sky-reporter\/\">SKY Reporter, 2004<\/a>\n\t\t\t\n\t\t\t\t\t\t\t\t\t\t\t\t\t\t\n\t\t\t\t\t\t\t\t\n\t\t\t\t\t\t\t\t\t\t\t\t\t<div class=\"fusion-rollover-sep\"><\/div>\n\t\t\t\t\n\t\t\t\t\t\t\t\t\t\t\t\t\t\t\t\t\t\t<a class=\"fusion-rollover-gallery\" href=\"https:\/\/epolatinsaat.com\/wp-content\/uploads\/2022\/05\/Atapol_Haber03.jpg\" data-options=\"\" data-id=\"2847\" data-rel=\"iLightbox[gallery]\" data-title=\"Atapol_Haber03\" data-caption=\"\">\n\t\t\t\t\t\tGallery\t\t\t\t\t<\/a>\n\t\t\t\t\t\t\t\t\t\t\t\t\t\t\n\t\t\n\t\t\t\t\t\t\t\t\t\t\t\t<h4 class=\"fusion-rollover-title\">\n\t\t\t\t\t<a class=\"fusion-rollover-title-link\" href=\"https:\/\/epolatinsaat.com\/en\/2004\/04\/26\/sky-reporter\/\">\n\t\t\t\t\t\tSKY Reporter, 2004\t\t\t\t\t<\/a>\n\t\t\t\t<\/h4>\n\t\t\t\n\t\t\t\t\t\t\t\t\t\t<div class=\"fusion-rollover-categories\"><a href=\"https:\/\/epolatinsaat.com\/en\/category\/haberler-en\/\" rel=\"tag\">Haberler<\/a><\/div>\t\t\t\t\t\n\t\t\n\t\t\t\t\t\t<a class=\"fusion-link-wrapper\" href=\"https:\/\/epolatinsaat.com\/en\/2004\/04\/26\/sky-reporter\/\" aria-label=\"SKY Reporter, 2004\"><\/a>\n\t<\/div>\n<\/div>\n<\/div>\n<\/li>\n\t\t\t\n\t\t\t\n\t\t\t\t\t\t\t\t\t\t\t\t\t\t\t\t\t\t\t\t\t\t\t\t\t\t\t\t\t\t\t\t\t\t\t\t\t\t\t\t\t\t\t\t\t\t\t\t\t\t\t\t\t\t\t\t\t\t\t\t\t\t\t\t\t\t\t\t<\/ul>\n\t<\/div>\n\t<div class=\"fusion-post-content-wrapper\" style=\"padding:30px 25px 25px 25px;\"><div class=\"fusion-post-content post-content\"><div class=\"fusion-timeline-circle\" style=\"background-color:var(--awb-color4);\"><\/div><div class=\"fusion-timeline-arrow\" style=\"color:var(--awb-color4);\"><\/div><h2 class=\"blog-shortcode-post-title entry-title\">SKY Reporter, 2004<\/h2><\/div><\/div><div class=\"fusion-clearfix\"><\/div><\/div>\n<\/article>\n<\/div><h3 class=\"fusion-timeline-date\" style=\"background-color:var(--awb-color4);\">June 2003<\/h3><div class=\"fusion-collapse-month\"><article id=\"blog-1-post-2848\" style=\"border-color:var(--awb-color4);\" class=\"fusion-post-timeline fusion-clearfix fusion-left-column post-2848 post type-post status-publish format-standard has-post-thumbnail hentry category-haberler-en\">\n<div class=\"fusion-post-wrapper\" style=\"background-color:rgba(255,255,255,1);\">\n\n\t\t\t<div class=\"fusion-flexslider flexslider fusion-flexslider-loading fusion-post-slideshow\" style=\"border-color:var(--awb-color4);\">\n\t\t<ul class=\"slides\">\n\t\t\t\n\t\t\t\t\t\t\t\t\t\t\t\t\t\t<li><div  class=\"fusion-image-wrapper\" aria-haspopup=\"true\">\n\t\t\t\t<img decoding=\"async\" width=\"1080\" height=\"720\" src=\"https:\/\/epolatinsaat.com\/wp-content\/uploads\/2022\/05\/Atapol_Haber04.jpg\" class=\"attachment-full size-full wp-post-image\" alt=\"\" srcset=\"https:\/\/epolatinsaat.com\/wp-content\/uploads\/2022\/05\/Atapol_Haber04-200x133.jpg 200w, https:\/\/epolatinsaat.com\/wp-content\/uploads\/2022\/05\/Atapol_Haber04-400x267.jpg 400w, https:\/\/epolatinsaat.com\/wp-content\/uploads\/2022\/05\/Atapol_Haber04-600x400.jpg 600w, https:\/\/epolatinsaat.com\/wp-content\/uploads\/2022\/05\/Atapol_Haber04-800x533.jpg 800w, https:\/\/epolatinsaat.com\/wp-content\/uploads\/2022\/05\/Atapol_Haber04.jpg 1080w\" sizes=\"(max-width: 640px) 100vw, 40vw\" \/><div class=\"fusion-rollover\">\n\t<div class=\"fusion-rollover-content\">\n\n\t\t\t\t\t\t\t\t\t\t\t\t\t\t<a class=\"fusion-rollover-link\" href=\"https:\/\/epolatinsaat.com\/en\/2003\/06\/26\/vatan-gazetesi\/\">Vatan Gazetesi, 2003<\/a>\n\t\t\t\n\t\t\t\t\t\t\t\t\t\t\t\t\t\t\n\t\t\t\t\t\t\t\t\n\t\t\t\t\t\t\t\t\t\t\t\t\t<div class=\"fusion-rollover-sep\"><\/div>\n\t\t\t\t\n\t\t\t\t\t\t\t\t\t\t\t\t\t\t\t\t\t\t<a class=\"fusion-rollover-gallery\" href=\"https:\/\/epolatinsaat.com\/wp-content\/uploads\/2022\/05\/Atapol_Haber04.jpg\" data-options=\"\" data-id=\"2848\" data-rel=\"iLightbox[gallery]\" data-title=\"Atapol_Haber04\" data-caption=\"\">\n\t\t\t\t\t\tGallery\t\t\t\t\t<\/a>\n\t\t\t\t\t\t\t\t\t\t\t\t\t\t\n\t\t\n\t\t\t\t\t\t\t\t\t\t\t\t<h4 class=\"fusion-rollover-title\">\n\t\t\t\t\t<a class=\"fusion-rollover-title-link\" href=\"https:\/\/epolatinsaat.com\/en\/2003\/06\/26\/vatan-gazetesi\/\">\n\t\t\t\t\t\tVatan Gazetesi, 2003\t\t\t\t\t<\/a>\n\t\t\t\t<\/h4>\n\t\t\t\n\t\t\t\t\t\t\t\t\t\t<div class=\"fusion-rollover-categories\"><a href=\"https:\/\/epolatinsaat.com\/en\/category\/haberler-en\/\" rel=\"tag\">Haberler<\/a><\/div>\t\t\t\t\t\n\t\t\n\t\t\t\t\t\t<a class=\"fusion-link-wrapper\" href=\"https:\/\/epolatinsaat.com\/en\/2003\/06\/26\/vatan-gazetesi\/\" aria-label=\"Vatan Gazetesi, 2003\"><\/a>\n\t<\/div>\n<\/div>\n<\/div>\n<\/li>\n\t\t\t\n\t\t\t\n\t\t\t\t\t\t\t\t\t\t\t\t\t\t\t\t\t\t\t\t\t\t\t\t\t\t\t\t\t\t\t\t\t\t\t\t\t\t\t\t\t\t\t\t\t\t\t\t\t\t\t\t\t\t\t\t\t\t\t\t\t\t\t\t\t\t\t\t<\/ul>\n\t<\/div>\n\t<div class=\"fusion-post-content-wrapper\" style=\"padding:30px 25px 25px 25px;\"><div class=\"fusion-post-content post-content\"><div class=\"fusion-timeline-circle\" style=\"background-color:var(--awb-color4);\"><\/div><div class=\"fusion-timeline-arrow\" style=\"color:var(--awb-color4);\"><\/div><h2 class=\"blog-shortcode-post-title entry-title\">Vatan Gazetesi, 2003<\/h2><\/div><\/div><div class=\"fusion-clearfix\"><\/div><\/div>\n<\/article>\n<\/div><h3 class=\"fusion-timeline-date\" style=\"background-color:var(--awb-color4);\">March 2002<\/h3><div class=\"fusion-collapse-month\"><article id=\"blog-1-post-2849\" style=\"border-color:var(--awb-color4);\" class=\"fusion-post-timeline fusion-clearfix fusion-right-column post-2849 post type-post status-publish format-standard has-post-thumbnail hentry category-haberler-en\">\n<div class=\"fusion-post-wrapper\" style=\"background-color:rgba(255,255,255,1);\">\n\n\t\t\t<div class=\"fusion-flexslider flexslider fusion-flexslider-loading fusion-post-slideshow\" style=\"border-color:var(--awb-color4);\">\n\t\t<ul class=\"slides\">\n\t\t\t\n\t\t\t\t\t\t\t\t\t\t\t\t\t\t<li><div  class=\"fusion-image-wrapper\" aria-haspopup=\"true\">\n\t\t\t\t<img decoding=\"async\" width=\"1080\" height=\"720\" src=\"https:\/\/epolatinsaat.com\/wp-content\/uploads\/2022\/05\/Atapol_Haber05.jpg\" class=\"attachment-full size-full wp-post-image\" alt=\"\" srcset=\"https:\/\/epolatinsaat.com\/wp-content\/uploads\/2022\/05\/Atapol_Haber05-200x133.jpg 200w, https:\/\/epolatinsaat.com\/wp-content\/uploads\/2022\/05\/Atapol_Haber05-400x267.jpg 400w, https:\/\/epolatinsaat.com\/wp-content\/uploads\/2022\/05\/Atapol_Haber05-600x400.jpg 600w, https:\/\/epolatinsaat.com\/wp-content\/uploads\/2022\/05\/Atapol_Haber05-800x533.jpg 800w, https:\/\/epolatinsaat.com\/wp-content\/uploads\/2022\/05\/Atapol_Haber05.jpg 1080w\" sizes=\"(max-width: 640px) 100vw, 40vw\" \/><div class=\"fusion-rollover\">\n\t<div class=\"fusion-rollover-content\">\n\n\t\t\t\t\t\t\t\t\t\t\t\t\t\t<a class=\"fusion-rollover-link\" href=\"https:\/\/epolatinsaat.com\/en\/2002\/03\/26\/star-gazetesi\/\">Star Gazetesi, 2002<\/a>\n\t\t\t\n\t\t\t\t\t\t\t\t\t\t\t\t\t\t\n\t\t\t\t\t\t\t\t\n\t\t\t\t\t\t\t\t\t\t\t\t\t<div class=\"fusion-rollover-sep\"><\/div>\n\t\t\t\t\n\t\t\t\t\t\t\t\t\t\t\t\t\t\t\t\t\t\t<a class=\"fusion-rollover-gallery\" href=\"https:\/\/epolatinsaat.com\/wp-content\/uploads\/2022\/05\/Atapol_Haber05.jpg\" data-options=\"\" data-id=\"2849\" data-rel=\"iLightbox[gallery]\" data-title=\"Atapol_Haber05\" data-caption=\"\">\n\t\t\t\t\t\tGallery\t\t\t\t\t<\/a>\n\t\t\t\t\t\t\t\t\t\t\t\t\t\t\n\t\t\n\t\t\t\t\t\t\t\t\t\t\t\t<h4 class=\"fusion-rollover-title\">\n\t\t\t\t\t<a class=\"fusion-rollover-title-link\" href=\"https:\/\/epolatinsaat.com\/en\/2002\/03\/26\/star-gazetesi\/\">\n\t\t\t\t\t\tStar Gazetesi, 2002\t\t\t\t\t<\/a>\n\t\t\t\t<\/h4>\n\t\t\t\n\t\t\t\t\t\t\t\t\t\t<div class=\"fusion-rollover-categories\"><a href=\"https:\/\/epolatinsaat.com\/en\/category\/haberler-en\/\" rel=\"tag\">Haberler<\/a><\/div>\t\t\t\t\t\n\t\t\n\t\t\t\t\t\t<a class=\"fusion-link-wrapper\" href=\"https:\/\/epolatinsaat.com\/en\/2002\/03\/26\/star-gazetesi\/\" aria-label=\"Star Gazetesi, 2002\"><\/a>\n\t<\/div>\n<\/div>\n<\/div>\n<\/li>\n\t\t\t\n\t\t\t\n\t\t\t\t\t\t\t\t\t\t\t\t\t\t\t\t\t\t\t\t\t\t\t\t\t\t\t\t\t\t\t\t\t\t\t\t\t\t\t\t\t\t\t\t\t\t\t\t\t\t\t\t\t\t\t\t\t\t\t\t\t\t\t\t\t\t\t\t<\/ul>\n\t<\/div>\n\t<div class=\"fusion-post-content-wrapper\" style=\"padding:30px 25px 25px 25px;\"><div class=\"fusion-post-content post-content\"><div class=\"fusion-timeline-circle\" style=\"background-color:var(--awb-color4);\"><\/div><div class=\"fusion-timeline-arrow\" style=\"color:var(--awb-color4);\"><\/div><h2 class=\"blog-shortcode-post-title entry-title\">Star Gazetesi, 2002<\/h2><\/div><\/div><div class=\"fusion-clearfix\"><\/div><\/div>\n<\/article>\n<\/div><\/div><\/div><\/div><\/div><\/div><\/div><\/div><\/p>\n","protected":false},"excerpt":{"rendered":"","protected":false},"author":1,"featured_media":0,"parent":0,"menu_order":0,"comment_status":"closed","ping_status":"closed","template":"100-width.php","meta":{"footnotes":""},"class_list":["post-2724","page","type-page","status-publish","hentry"],"yoast_head":"<!-- This site is optimized with the Yoast SEO plugin v27.3 - https:\/\/yoast.com\/product\/yoast-seo-wordpress\/ -->\n<title>Atapol In Press - Atapol \u0130n\u015faat<\/title>\n<meta name=\"robots\" content=\"index, follow, max-snippet:-1, max-image-preview:large, max-video-preview:-1\" \/>\n<link rel=\"canonical\" href=\"https:\/\/epolatinsaat.com\/en\/atapol-in-press\/\" \/>\n<meta property=\"og:locale\" content=\"en_US\" \/>\n<meta property=\"og:type\" content=\"article\" \/>\n<meta property=\"og:title\" content=\"Atapol In Press - Atapol \u0130n\u015faat\" \/>\n<meta property=\"og:url\" content=\"https:\/\/epolatinsaat.com\/en\/atapol-in-press\/\" \/>\n<meta property=\"og:site_name\" content=\"Atapol \u0130n\u015faat\" \/>\n<meta property=\"article:modified_time\" content=\"2026-04-13T20:28:29+00:00\" \/>\n<meta name=\"twitter:card\" content=\"summary_large_image\" \/>\n<meta name=\"twitter:label1\" content=\"Est. reading time\" \/>\n\t<meta name=\"twitter:data1\" content=\"3 minutes\" \/>\n<script type=\"application\/ld+json\" class=\"yoast-schema-graph\">{\"@context\":\"https:\\\/\\\/schema.org\",\"@graph\":[{\"@type\":\"WebPage\",\"@id\":\"https:\\\/\\\/epolatinsaat.com\\\/en\\\/atapol-in-press\\\/\",\"url\":\"https:\\\/\\\/epolatinsaat.com\\\/en\\\/atapol-in-press\\\/\",\"name\":\"Atapol In Press - Atapol \u0130n\u015faat\",\"isPartOf\":{\"@id\":\"https:\\\/\\\/epolatinsaat.com\\\/#website\"},\"datePublished\":\"2015-12-03T23:09:22+00:00\",\"dateModified\":\"2026-04-13T20:28:29+00:00\",\"inLanguage\":\"en-US\",\"potentialAction\":[{\"@type\":\"ReadAction\",\"target\":[\"https:\\\/\\\/epolatinsaat.com\\\/en\\\/atapol-in-press\\\/\"]}]},{\"@type\":\"WebSite\",\"@id\":\"https:\\\/\\\/epolatinsaat.com\\\/#website\",\"url\":\"https:\\\/\\\/epolatinsaat.com\\\/\",\"name\":\"Atapol \u0130n\u015faat\",\"description\":\"Gelece\u011fe Bizimle Y\u00fckselin\",\"potentialAction\":[{\"@type\":\"SearchAction\",\"target\":{\"@type\":\"EntryPoint\",\"urlTemplate\":\"https:\\\/\\\/epolatinsaat.com\\\/?s={search_term_string}\"},\"query-input\":{\"@type\":\"PropertyValueSpecification\",\"valueRequired\":true,\"valueName\":\"search_term_string\"}}],\"inLanguage\":\"en-US\"}]}<\/script>\n<!-- \/ Yoast SEO plugin. -->","yoast_head_json":{"title":"Atapol In Press - Atapol \u0130n\u015faat","robots":{"index":"index","follow":"follow","max-snippet":"max-snippet:-1","max-image-preview":"max-image-preview:large","max-video-preview":"max-video-preview:-1"},"canonical":"https:\/\/epolatinsaat.com\/en\/atapol-in-press\/","og_locale":"en_US","og_type":"article","og_title":"Atapol In Press - Atapol \u0130n\u015faat","og_url":"https:\/\/epolatinsaat.com\/en\/atapol-in-press\/","og_site_name":"Atapol \u0130n\u015faat","article_modified_time":"2026-04-13T20:28:29+00:00","twitter_card":"summary_large_image","twitter_misc":{"Est. reading time":"3 minutes"},"schema":{"@context":"https:\/\/schema.org","@graph":[{"@type":"WebPage","@id":"https:\/\/epolatinsaat.com\/en\/atapol-in-press\/","url":"https:\/\/epolatinsaat.com\/en\/atapol-in-press\/","name":"Atapol In Press - Atapol \u0130n\u015faat","isPartOf":{"@id":"https:\/\/epolatinsaat.com\/#website"},"datePublished":"2015-12-03T23:09:22+00:00","dateModified":"2026-04-13T20:28:29+00:00","inLanguage":"en-US","potentialAction":[{"@type":"ReadAction","target":["https:\/\/epolatinsaat.com\/en\/atapol-in-press\/"]}]},{"@type":"WebSite","@id":"https:\/\/epolatinsaat.com\/#website","url":"https:\/\/epolatinsaat.com\/","name":"Atapol \u0130n\u015faat","description":"Gelece\u011fe Bizimle Y\u00fckselin","potentialAction":[{"@type":"SearchAction","target":{"@type":"EntryPoint","urlTemplate":"https:\/\/epolatinsaat.com\/?s={search_term_string}"},"query-input":{"@type":"PropertyValueSpecification","valueRequired":true,"valueName":"search_term_string"}}],"inLanguage":"en-US"}]}},"_links":{"self":[{"href":"https:\/\/epolatinsaat.com\/en\/wp-json\/wp\/v2\/pages\/2724","targetHints":{"allow":["GET"]}}],"collection":[{"href":"https:\/\/epolatinsaat.com\/en\/wp-json\/wp\/v2\/pages"}],"about":[{"href":"https:\/\/epolatinsaat.com\/en\/wp-json\/wp\/v2\/types\/page"}],"author":[{"embeddable":true,"href":"https:\/\/epolatinsaat.com\/en\/wp-json\/wp\/v2\/users\/1"}],"replies":[{"embeddable":true,"href":"https:\/\/epolatinsaat.com\/en\/wp-json\/wp\/v2\/comments?post=2724"}],"version-history":[{"count":3,"href":"https:\/\/epolatinsaat.com\/en\/wp-json\/wp\/v2\/pages\/2724\/revisions"}],"predecessor-version":[{"id":2898,"href":"https:\/\/epolatinsaat.com\/en\/wp-json\/wp\/v2\/pages\/2724\/revisions\/2898"}],"wp:attachment":[{"href":"https:\/\/epolatinsaat.com\/en\/wp-json\/wp\/v2\/media?parent=2724"}],"curies":[{"name":"wp","href":"https:\/\/api.w.org\/{rel}","templated":true}]}}